{"id":17109,"date":"2025-04-04T14:40:08","date_gmt":"2025-04-04T14:40:08","guid":{"rendered":"https:\/\/laserclinicos.de\/?page_id=17109"},"modified":"2025-05-20T12:18:36","modified_gmt":"2025-05-20T12:18:36","slug":"anrufen","status":"publish","type":"page","link":"https:\/\/laserclinicos.de\/ar\/\u064a\u062a\u0635\u0644\/","title":{"rendered":"\u064a\u062a\u0635\u0644"},"content":{"rendered":"<div data-elementor-type=\"wp-page\" data-elementor-id=\"17109\" class=\"elementor elementor-17109\" data-elementor-post-type=\"page\">\n\t\t\t\t\t\t<section class=\"elementor-section elementor-top-section elementor-element elementor-element-c35476d elementor-section-stretched elementor-section-content-middle elementor-section-boxed elementor-section-height-default elementor-section-height-default\" data-id=\"c35476d\" data-element_type=\"section\" data-e-type=\"section\" data-settings=\"{&quot;stretch_section&quot;:&quot;section-stretched&quot;,&quot;background_background&quot;:&quot;classic&quot;}\">\n\t\t\t\t\t\t\t<div class=\"elementor-background-overlay\"><\/div>\n\t\t\t\t\t\t\t<div class=\"elementor-container elementor-column-gap-default\">\n\t\t\t\t\t<div class=\"elementor-column elementor-col-100 elementor-top-column elementor-element elementor-element-bd071dc\" data-id=\"bd071dc\" data-element_type=\"column\" data-e-type=\"column\">\n\t\t\t<div class=\"elementor-widget-wrap elementor-element-populated\">\n\t\t\t\t\t\t<div class=\"elementor-element elementor-element-a58617b elementor-widget elementor-widget-heading\" data-id=\"a58617b\" data-element_type=\"widget\" data-e-type=\"widget\" data-widget_type=\"heading.default\">\n\t\t\t\t<div class=\"elementor-widget-container\">\n\t\t\t\t\t<h1 class=\"elementor-heading-title elementor-size-default\">\u064a\u062a\u0635\u0644<\/h1>\t\t\t\t<\/div>\n\t\t\t\t<\/div>\n\t\t\t\t\t<\/div>\n\t\t<\/div>\n\t\t\t\t\t<\/div>\n\t\t<\/section>\n\t\t<div class=\"elementor-element elementor-element-940dc4a e-flex e-con-boxed e-con e-parent\" data-id=\"940dc4a\" data-element_type=\"container\" data-e-type=\"container\" data-settings=\"{&quot;background_background&quot;:&quot;classic&quot;}\">\n\t\t\t\t\t<div class=\"e-con-inner\">\n\t\t<div class=\"elementor-element elementor-element-6ba10ac e-con-full e-flex e-con e-child\" data-id=\"6ba10ac\" data-element_type=\"container\" data-e-type=\"container\" id=\"a\">\n\t\t\t\t<div class=\"elementor-element elementor-element-a1cb96d elementor-widget elementor-widget-image\" data-id=\"a1cb96d\" data-element_type=\"widget\" data-e-type=\"widget\" data-widget_type=\"image.default\">\n\t\t\t\t<div class=\"elementor-widget-container\">\n\t\t\t\t\t\t\t\t\t\t\t\t\t\t\t<img fetchpriority=\"high\" decoding=\"async\" width=\"600\" height=\"600\" src=\"https:\/\/laserclinicos.de\/wp-content\/uploads\/2025\/04\/LASERCLINIC17-ezgif.com-png-to-webp-converter.webp\" class=\"attachment-full size-full wp-image-17114\" alt=\"\" srcset=\"https:\/\/laserclinicos.de\/wp-content\/uploads\/2025\/04\/LASERCLINIC17-ezgif.com-png-to-webp-converter.webp 600w, https:\/\/laserclinicos.de\/wp-content\/uploads\/2025\/04\/LASERCLINIC17-ezgif.com-png-to-webp-converter-300x300.webp 300w, https:\/\/laserclinicos.de\/wp-content\/uploads\/2025\/04\/LASERCLINIC17-ezgif.com-png-to-webp-converter-150x150.webp 150w, https:\/\/laserclinicos.de\/wp-content\/uploads\/2025\/04\/LASERCLINIC17-ezgif.com-png-to-webp-converter-12x12.webp 12w\" sizes=\"(max-width: 600px) 100vw, 600px\" \/>\t\t\t\t\t\t\t\t\t\t\t\t\t\t\t<\/div>\n\t\t\t\t<\/div>\n\t\t\t\t<\/div>\n\t\t\t\t<div class=\"elementor-element elementor-element-273069b elementor-widget elementor-widget-heading\" data-id=\"273069b\" data-element_type=\"widget\" data-e-type=\"widget\" data-widget_type=\"heading.default\">\n\t\t\t\t<div class=\"elementor-widget-container\">\n\t\t\t\t\t<h2 class=\"elementor-heading-title elementor-size-default\">\u0627\u062d\u0635\u0644 \u0639\u0644\u0649 \u0639\u0631\u0636\u0643 \u0627\u0644\u0641\u0631\u062f\u064a \u2013 \u0628\u0633\u0631\u0639\u0629 \u0648\u0633\u0647\u0648\u0644\u0629!\n\n<\/h2>\t\t\t\t<\/div>\n\t\t\t\t<\/div>\n\t\t\t\t<div class=\"elementor-element elementor-element-c241b39 elementor-widget elementor-widget-text-editor\" data-id=\"c241b39\" data-element_type=\"widget\" data-e-type=\"widget\" data-widget_type=\"text-editor.default\">\n\t\t\t\t<div class=\"elementor-widget-container\">\n\t\t\t\t\t\t\t\t\t<p class=\"\" data-start=\"77\" data-end=\"354\">\u0647\u0644 \u062a\u0631\u063a\u0628 \u0641\u064a \u0645\u0639\u0631\u0641\u0629 \u0627\u0644\u0645\u0632\u064a\u062f \u0639\u0646 \u062e\u062f\u0645\u0627\u062a\u0646\u0627 \u0623\u0648 \u0627\u0644\u062d\u0635\u0648\u0644 \u0639\u0644\u0649 \u0639\u0631\u0636 \u0645\u0635\u0645\u0645 \u062e\u0635\u064a\u0635\u064b\u0627 \u0644\u0643 \u0645\u0628\u0627\u0634\u0631\u0629\u064b\u061f \u0644\u0627 \u0645\u0634\u0643\u0644\u0629! \u0645\u0627 \u0639\u0644\u064a\u0643 \u0633\u0648\u0649 \u0627\u0644\u0646\u0642\u0631 \u0639\u0644\u0649 \u0627\u0644\u0632\u0631 \u0623\u062f\u0646\u0627\u0647 \u0644\u0625\u0631\u0633\u0627\u0644 \u0627\u0633\u062a\u0641\u0633\u0627\u0631 \u063a\u064a\u0631 \u0645\u0644\u0632\u0645. \u0648\u0628\u062f\u0644\u0627\u064b \u0645\u0646 \u0630\u0644\u0643\u060c \u064a\u0645\u0643\u0646\u0643 \u0627\u0644\u0627\u062a\u0635\u0627\u0644 \u0628\u0646\u0627 \u0645\u0628\u0627\u0634\u0631\u0629\u064b - \u0641\u0646\u062d\u0646 \u0633\u0639\u062f\u0627\u0621 \u0628\u0645\u0633\u0627\u0639\u062f\u062a\u0643!<\/p><p class=\"\" data-start=\"356\" data-end=\"407\">\u00a0<\/p>\t\t\t\t\t\t\t\t<\/div>\n\t\t\t\t<\/div>\n\t\t<div class=\"elementor-element elementor-element-ef6fc77 e-con-full e-flex e-con e-child\" data-id=\"ef6fc77\" data-element_type=\"container\" data-e-type=\"container\">\n\t\t<div class=\"elementor-element elementor-element-b1640f1 e-grid e-con-full e-con e-child\" data-id=\"b1640f1\" data-element_type=\"container\" data-e-type=\"container\">\n\t\t\t\t<div class=\"elementor-element elementor-element-8684d3a elementor-align-center elementor-widget elementor-widget-button\" data-id=\"8684d3a\" data-element_type=\"widget\" data-e-type=\"widget\" data-widget_type=\"button.default\">\n\t\t\t\t<div class=\"elementor-widget-container\">\n\t\t\t\t\t\t\t\t\t<div class=\"elementor-button-wrapper\">\n\t\t\t\t\t<a class=\"elementor-button elementor-button-link elementor-size-md elementor-animation-shrink\" href=\"\/ar\/\u0647\u0627\u062a\u0641: 4915560126220\/\">\n\t\t\t\t\t\t<span class=\"elementor-button-content-wrapper\">\n\t\t\t\t\t\t\t\t\t<span class=\"elementor-button-text\">\ud83d\udcde \u0627\u062a\u0635\u0644 \u0627\u0644\u0622\u0646 \u0623\u0648<\/span>\n\t\t\t\t\t<\/span>\n\t\t\t\t\t<\/a>\n\t\t\t\t<\/div>\n\t\t\t\t\t\t\t\t<\/div>\n\t\t\t\t<\/div>\n\t\t\t\t<div class=\"elementor-element elementor-element-4fb3651 elementor-align-center elementor-widget elementor-widget-button\" data-id=\"4fb3651\" data-element_type=\"widget\" data-e-type=\"widget\" data-widget_type=\"button.default\">\n\t\t\t\t<div class=\"elementor-widget-container\">\n\t\t\t\t\t\t\t\t\t<div class=\"elementor-button-wrapper\">\n\t\t\t\t\t<a class=\"elementor-button elementor-button-link elementor-size-md elementor-animation-shrink\" href=\"#elementor-action%3Aaction%3Dpopup%3Aopen%26settings%3DeyJpZCI6IjE3Mjk4IiwidG9nZ2xlIjpmYWxzZX0%3D\">\n\t\t\t\t\t\t<span class=\"elementor-button-content-wrapper\">\n\t\t\t\t\t\t\t\t\t<span class=\"elementor-button-text\">\ud83d\udccb \u0627\u0637\u0644\u0628 \u0639\u0631\u0636 \u0623\u0633\u0639\u0627\u0631!<\/span>\n\t\t\t\t\t<\/span>\n\t\t\t\t\t<\/a>\n\t\t\t\t<\/div>\n\t\t\t\t\t\t\t\t<\/div>\n\t\t\t\t<\/div>\n\t\t\t\t<\/div>\n\t\t\t\t<\/div>\n\t\t\t\t\t<\/div>\n\t\t\t\t<\/div>\n\t\t\t\t<\/div>","protected":false},"excerpt":{"rendered":"<p>anrufen Holen Sie sich Ihr individuelles Angebot \u2013 schnell und unkompliziert! Sie m\u00f6chten mehr \u00fcber unsere Dienstleistungen erfahren oder direkt ein ma\u00dfgeschneidertes Angebot erhalten? Kein Problem! Klicken Sie einfach auf den Button unten, um eine unverbindliche Anfrage zu stellen. Alternativ k\u00f6nnen Sie uns direkt anrufen \u2013 wir sind gerne f\u00fcr Sie da! \u00a0 \ud83d\udcde Jetzt [&hellip;]<\/p>\n","protected":false},"author":1,"featured_media":0,"parent":0,"menu_order":0,"comment_status":"closed","ping_status":"closed","template":"elementor_header_footer","meta":{"footnotes":""},"class_list":["post-17109","page","type-page","status-publish","hentry"],"yoast_head":"<!-- This site is optimized with the Yoast SEO plugin v27.3 - https:\/\/yoast.com\/product\/yoast-seo-wordpress\/ -->\n<title>anrufen - Laser Clinic<\/title>\n<meta name=\"robots\" content=\"noindex, nofollow\" \/>\n<meta property=\"og:locale\" content=\"ar_AR\" \/>\n<meta property=\"og:type\" content=\"article\" \/>\n<meta property=\"og:title\" content=\"anrufen - Laser Clinic\" \/>\n<meta property=\"og:description\" content=\"anrufen Holen Sie sich Ihr individuelles Angebot \u2013 schnell und unkompliziert! Sie m\u00f6chten mehr \u00fcber unsere Dienstleistungen erfahren oder direkt ein ma\u00dfgeschneidertes Angebot erhalten? Kein Problem! Klicken Sie einfach auf den Button unten, um eine unverbindliche Anfrage zu stellen. Alternativ k\u00f6nnen Sie uns direkt anrufen \u2013 wir sind gerne f\u00fcr Sie da! \u00a0 \ud83d\udcde Jetzt [&hellip;]\" \/>\n<meta property=\"og:url\" content=\"https:\/\/laserclinicos.de\/ar\/\u064a\u062a\u0635\u0644\/\" \/>\n<meta property=\"og:site_name\" content=\"Laser Clinic\" \/>\n<meta property=\"article:modified_time\" content=\"2025-05-20T12:18:36+00:00\" \/>\n<meta property=\"og:image\" content=\"https:\/\/laserclinicos.de\/wp-content\/uploads\/2025\/04\/LASERCLINIC17-ezgif.com-png-to-webp-converter.webp\" \/>\n<meta name=\"twitter:card\" content=\"summary_large_image\" \/>\n<meta name=\"twitter:label1\" content=\"\u0648\u0642\u062a \u0627\u0644\u0642\u0631\u0627\u0621\u0629 \u0627\u0644\u0645\u064f\u0642\u062f\u0651\u0631\" \/>\n\t<meta name=\"twitter:data1\" content=\"\u062f\u0642\u064a\u0642\u0629 \u0648\u0627\u062d\u062f\u0629\" \/>\n<script type=\"application\/ld+json\" class=\"yoast-schema-graph\">{\"@context\":\"https:\\\/\\\/schema.org\",\"@graph\":[{\"@type\":\"WebPage\",\"@id\":\"https:\\\/\\\/laserclinicos.de\\\/anrufen\\\/\",\"url\":\"https:\\\/\\\/laserclinicos.de\\\/anrufen\\\/\",\"name\":\"anrufen - Laser Clinic\",\"isPartOf\":{\"@id\":\"https:\\\/\\\/laserclinicos.de\\\/#website\"},\"primaryImageOfPage\":{\"@id\":\"https:\\\/\\\/laserclinicos.de\\\/anrufen\\\/#primaryimage\"},\"image\":{\"@id\":\"https:\\\/\\\/laserclinicos.de\\\/anrufen\\\/#primaryimage\"},\"thumbnailUrl\":\"https:\\\/\\\/laserclinicos.de\\\/wp-content\\\/uploads\\\/2025\\\/04\\\/LASERCLINIC17-ezgif.com-png-to-webp-converter.webp\",\"datePublished\":\"2025-04-04T14:40:08+00:00\",\"dateModified\":\"2025-05-20T12:18:36+00:00\",\"breadcrumb\":{\"@id\":\"https:\\\/\\\/laserclinicos.de\\\/anrufen\\\/#breadcrumb\"},\"inLanguage\":\"ar\",\"potentialAction\":[{\"@type\":\"ReadAction\",\"target\":[\"https:\\\/\\\/laserclinicos.de\\\/anrufen\\\/\"]}]},{\"@type\":\"ImageObject\",\"inLanguage\":\"ar\",\"@id\":\"https:\\\/\\\/laserclinicos.de\\\/anrufen\\\/#primaryimage\",\"url\":\"https:\\\/\\\/laserclinicos.de\\\/wp-content\\\/uploads\\\/2025\\\/04\\\/LASERCLINIC17-ezgif.com-png-to-webp-converter.webp\",\"contentUrl\":\"https:\\\/\\\/laserclinicos.de\\\/wp-content\\\/uploads\\\/2025\\\/04\\\/LASERCLINIC17-ezgif.com-png-to-webp-converter.webp\"},{\"@type\":\"BreadcrumbList\",\"@id\":\"https:\\\/\\\/laserclinicos.de\\\/anrufen\\\/#breadcrumb\",\"itemListElement\":[{\"@type\":\"ListItem\",\"position\":1,\"name\":\"Home\",\"item\":\"https:\\\/\\\/laserclinicos.de\\\/\"},{\"@type\":\"ListItem\",\"position\":2,\"name\":\"anrufen\"}]},{\"@type\":\"WebSite\",\"@id\":\"https:\\\/\\\/laserclinicos.de\\\/#website\",\"url\":\"https:\\\/\\\/laserclinicos.de\\\/\",\"name\":\"Laser Clinic\",\"description\":\"\",\"potentialAction\":[{\"@type\":\"SearchAction\",\"target\":{\"@type\":\"EntryPoint\",\"urlTemplate\":\"https:\\\/\\\/laserclinicos.de\\\/?s={search_term_string}\"},\"query-input\":{\"@type\":\"PropertyValueSpecification\",\"valueRequired\":true,\"valueName\":\"search_term_string\"}}],\"inLanguage\":\"ar\"}]}<\/script>\n<!-- \/ Yoast SEO plugin. -->","yoast_head_json":{"title":"\u0627\u062a\u0635\u0644 - \u0639\u064a\u0627\u062f\u0629 \u0627\u0644\u0644\u064a\u0632\u0631","robots":{"index":"noindex","follow":"nofollow"},"og_locale":"ar_AR","og_type":"article","og_title":"anrufen - Laser Clinic","og_description":"anrufen Holen Sie sich Ihr individuelles Angebot \u2013 schnell und unkompliziert! Sie m\u00f6chten mehr \u00fcber unsere Dienstleistungen erfahren oder direkt ein ma\u00dfgeschneidertes Angebot erhalten? Kein Problem! Klicken Sie einfach auf den Button unten, um eine unverbindliche Anfrage zu stellen. Alternativ k\u00f6nnen Sie uns direkt anrufen \u2013 wir sind gerne f\u00fcr Sie da! \u00a0 \ud83d\udcde Jetzt [&hellip;]","og_url":"https:\/\/laserclinicos.de\/ar\/\u064a\u062a\u0635\u0644\/","og_site_name":"Laser Clinic","article_modified_time":"2025-05-20T12:18:36+00:00","og_image":[{"url":"https:\/\/laserclinicos.de\/wp-content\/uploads\/2025\/04\/LASERCLINIC17-ezgif.com-png-to-webp-converter.webp","type":"","width":"","height":""}],"twitter_card":"summary_large_image","twitter_misc":{"\u0648\u0642\u062a \u0627\u0644\u0642\u0631\u0627\u0621\u0629 \u0627\u0644\u0645\u064f\u0642\u062f\u0651\u0631":"\u062f\u0642\u064a\u0642\u0629 \u0648\u0627\u062d\u062f\u0629"},"schema":{"@context":"https:\/\/schema.org","@graph":[{"@type":"WebPage","@id":"https:\/\/laserclinicos.de\/anrufen\/","url":"https:\/\/laserclinicos.de\/anrufen\/","name":"\u0627\u062a\u0635\u0644 - \u0639\u064a\u0627\u062f\u0629 \u0627\u0644\u0644\u064a\u0632\u0631","isPartOf":{"@id":"https:\/\/laserclinicos.de\/#website"},"primaryImageOfPage":{"@id":"https:\/\/laserclinicos.de\/anrufen\/#primaryimage"},"image":{"@id":"https:\/\/laserclinicos.de\/anrufen\/#primaryimage"},"thumbnailUrl":"https:\/\/laserclinicos.de\/wp-content\/uploads\/2025\/04\/LASERCLINIC17-ezgif.com-png-to-webp-converter.webp","datePublished":"2025-04-04T14:40:08+00:00","dateModified":"2025-05-20T12:18:36+00:00","breadcrumb":{"@id":"https:\/\/laserclinicos.de\/anrufen\/#breadcrumb"},"inLanguage":"ar","potentialAction":[{"@type":"ReadAction","target":["https:\/\/laserclinicos.de\/anrufen\/"]}]},{"@type":"ImageObject","inLanguage":"ar","@id":"https:\/\/laserclinicos.de\/anrufen\/#primaryimage","url":"https:\/\/laserclinicos.de\/wp-content\/uploads\/2025\/04\/LASERCLINIC17-ezgif.com-png-to-webp-converter.webp","contentUrl":"https:\/\/laserclinicos.de\/wp-content\/uploads\/2025\/04\/LASERCLINIC17-ezgif.com-png-to-webp-converter.webp"},{"@type":"BreadcrumbList","@id":"https:\/\/laserclinicos.de\/anrufen\/#breadcrumb","itemListElement":[{"@type":"ListItem","position":1,"name":"Home","item":"https:\/\/laserclinicos.de\/"},{"@type":"ListItem","position":2,"name":"anrufen"}]},{"@type":"WebSite","@id":"https:\/\/laserclinicos.de\/#website","url":"https:\/\/laserclinicos.de\/","name":"\u0639\u064a\u0627\u062f\u0629 \u0627\u0644\u0644\u064a\u0632\u0631","description":"","potentialAction":[{"@type":"SearchAction","target":{"@type":"EntryPoint","urlTemplate":"https:\/\/laserclinicos.de\/?s={search_term_string}"},"query-input":{"@type":"PropertyValueSpecification","valueRequired":true,"valueName":"search_term_string"}}],"inLanguage":"ar"}]}},"_links":{"self":[{"href":"https:\/\/laserclinicos.de\/ar\/wp-json\/wp\/v2\/pages\/17109","targetHints":{"allow":["GET"]}}],"collection":[{"href":"https:\/\/laserclinicos.de\/ar\/wp-json\/wp\/v2\/pages"}],"about":[{"href":"https:\/\/laserclinicos.de\/ar\/wp-json\/wp\/v2\/types\/page"}],"author":[{"embeddable":true,"href":"https:\/\/laserclinicos.de\/ar\/wp-json\/wp\/v2\/users\/1"}],"replies":[{"embeddable":true,"href":"https:\/\/laserclinicos.de\/ar\/wp-json\/wp\/v2\/comments?post=17109"}],"version-history":[{"count":0,"href":"https:\/\/laserclinicos.de\/ar\/wp-json\/wp\/v2\/pages\/17109\/revisions"}],"wp:attachment":[{"href":"https:\/\/laserclinicos.de\/ar\/wp-json\/wp\/v2\/media?parent=17109"}],"curies":[{"name":"wp","href":"https:\/\/api.w.org\/{rel}","templated":true}]}}